{"id":18299,"date":"2023-07-20T21:47:04","date_gmt":"2023-07-20T19:47:04","guid":{"rendered":"https:\/\/hotel-tomi.eu\/etkezes-es-gasztronomia\/"},"modified":"2025-05-22T01:39:29","modified_gmt":"2025-05-21T23:39:29","slug":"etkezes-es-gasztronomia","status":"publish","type":"page","link":"https:\/\/hotel-tomi.eu\/hu\/etkezes-es-gasztronomia\/","title":{"rendered":"\u00c9tkez\u00e9s \u00e9s gasztron\u00f3mia"},"content":{"rendered":"","protected":false},"excerpt":{"rendered":"","protected":false},"author":1,"featured_media":0,"parent":0,"menu_order":0,"comment_status":"closed","ping_status":"closed","template":"","meta":{"_siteseo_robots_primary_cat":"","footnotes":""},"class_list":["post-18299","page","type-page","status-publish","hentry"],"_links":{"self":[{"href":"https:\/\/hotel-tomi.eu\/hu\/wp-json\/wp\/v2\/pages\/18299","targetHints":{"allow":["GET"]}}],"collection":[{"href":"https:\/\/hotel-tomi.eu\/hu\/wp-json\/wp\/v2\/pages"}],"about":[{"href":"https:\/\/hotel-tomi.eu\/hu\/wp-json\/wp\/v2\/types\/page"}],"author":[{"embeddable":true,"href":"https:\/\/hotel-tomi.eu\/hu\/wp-json\/wp\/v2\/users\/1"}],"replies":[{"embeddable":true,"href":"https:\/\/hotel-tomi.eu\/hu\/wp-json\/wp\/v2\/comments?post=18299"}],"version-history":[{"count":1,"href":"https:\/\/hotel-tomi.eu\/hu\/wp-json\/wp\/v2\/pages\/18299\/revisions"}],"predecessor-version":[{"id":19127,"href":"https:\/\/hotel-tomi.eu\/hu\/wp-json\/wp\/v2\/pages\/18299\/revisions\/19127"}],"wp:attachment":[{"href":"https:\/\/hotel-tomi.eu\/hu\/wp-json\/wp\/v2\/media?parent=18299"}],"curies":[{"name":"wp","href":"https:\/\/api.w.org\/{rel}","templated":true}]}}